{"id":259,"date":"2023-11-01T12:29:25","date_gmt":"2023-11-01T12:29:25","guid":{"rendered":"https:\/\/www.sos-aa.com\/?page_id=259"},"modified":"2023-11-01T12:29:25","modified_gmt":"2023-11-01T12:29:25","slug":"impressum","status":"publish","type":"page","link":"https:\/\/www.sos-aa.com\/index.php\/impressum\/","title":{"rendered":"Impressum"},"content":{"rendered":"<p>&nbsp;<\/p>\n<h2>sos-aa.com<\/h2>\n<p>Solution of Sounds GmbH<\/p>\n<p>Alte Steinhauserstrasse 21<\/p>\n<p>CH-6330 Cham<\/p>\n<p>&nbsp;<\/p>\n<h2>Vertretungsberechtigte Personen<\/h2>\n<p>Erhan Y\u00fccesan, Gesellschafter und Vorsitzender der Gesch\u00e4ftsf\u00fchrung<\/p>\n<p>Ron Levis B\u00f6sch, Gesch\u00e4ftsf\u00fchrer<\/p>\n<p>&nbsp;<\/p>\n<h2>Handelsregistereintrag<\/h2>\n<p>&nbsp;<\/p>\n<p>Eingetragener Firmenname: Solution of Sounds GmbH<\/p>\n<p>Nummer: CHE-491.865.740<\/p>\n<p>Handelsregisteramt: Gesellschaft mit beschr\u00e4nkter Haftung<\/p>\n<p>&nbsp;<\/p>\n<h2>Haftungsausschluss<\/h2>\n<p>&nbsp;<\/p>\n<p>Der Autor \u00fcbernimmt keinerlei Gew\u00e4hr hinsichtlich der inhaltlichen Richtigkeit, Genauigkeit, Aktualit\u00e4t, Zuverl\u00e4ssigkeit und Vollst\u00e4ndigkeit der Informationen.<\/p>\n<p>Haftungsanspr\u00fcche gegen den Autor wegen Sch\u00e4den materieller oder immaterieller Art, welche aus dem Zugriff oder der Nutzung bzw. Nichtnutzung der ver\u00f6ffentlichten Informationen, durch Missbrauch der Verbindung oder durch technische St\u00f6rungen entstanden sind, werden ausgeschlossen.<\/p>\n<p>Alle Angebote sind unverbindlich. Der Autor beh\u00e4lt es sich ausdr\u00fccklich vor, Teile der Seiten oder das gesamte Angebot ohne gesonderte Ank\u00fcndigung zu ver\u00e4ndern, zu erg\u00e4nzen, zu l\u00f6schen oder die Ver\u00f6ffentlichung zeitweise oder endg\u00fcltig einzustellen.<\/p>\n<p>&nbsp;<\/p>\n<h2>Haftung f\u00fcr Links<\/h2>\n<p>&nbsp;<\/p>\n<p>Verweise und Links auf Webseiten Dritter liegen ausserhalb unseres Verantwortungsbereichs Es wird jegliche Verantwortung f\u00fcr solche Webseiten abgelehnt. Der Zugriff und die Nutzung solcher Webseiten erfolgen auf eigene Gefahr des Nutzers oder der Nutzerin.<\/p>\n<p>&nbsp;<\/p>\n<h2>Urheberrechte<\/h2>\n<p>&nbsp;<\/p>\n<p>Die Urheber- und alle anderen Rechte an Inhalten, Bildern, Fotos oder anderen Dateien auf der Website geh\u00f6ren ausschliesslich der Firma <strong> Solution of Sounds GmbH<\/strong> oder den speziell genannten Rechtsinhabern. F\u00fcr die Reproduktion jeglicher Elemente ist die schriftliche Zustimmung der Urheberrechtstr\u00e4ger im Voraus einzuholen.<\/p>\n<p>&nbsp;<\/p>\n","protected":false},"excerpt":{"rendered":"<p>&nbsp; sos-aa.com Solution of Sounds GmbH Alte Steinhauserstrasse 21 CH-6330 Cham &nbsp; Vertretungsberechtigte Personen Erhan Y\u00fccesan, Gesellschafter und Vorsitzender der Gesch\u00e4ftsf\u00fchrung Ron Levis B\u00f6sch, Gesch\u00e4ftsf\u00fchrer &nbsp; Handelsregistereintrag &nbsp; Eingetragener Firmenname: Solution of Sounds GmbH Nummer: CHE-491.865.740 Handelsregisteramt: Gesellschaft mit beschr\u00e4nkter Haftung &nbsp; Haftungsausschluss &nbsp; Der Autor \u00fcbernimmt keinerlei Gew\u00e4hr hinsichtlich der inhaltlichen Richtigkeit, Genauigkeit, Aktualit\u00e4t, [&hellip;]<\/p>\n","protected":false},"author":1,"featured_media":0,"parent":0,"menu_order":0,"comment_status":"closed","ping_status":"closed","template":"","meta":{"footnotes":""},"class_list":["post-259","page","type-page","status-publish","hentry"],"yoast_head":"<!-- This site is optimized with the Yoast SEO plugin v27.4 - https:\/\/yoast.com\/product\/yoast-seo-wordpress\/ -->\n<title>Impressum - SOS - Artist Agency<\/title>\n<meta name=\"robots\" content=\"index, follow, max-snippet:-1, max-image-preview:large, max-video-preview:-1\" \/>\n<link rel=\"canonical\" href=\"https:\/\/www.sos-aa.com\/index.php\/impressum\/\" \/>\n<meta property=\"og:locale\" content=\"de_DE\" \/>\n<meta property=\"og:type\" content=\"article\" \/>\n<meta property=\"og:title\" content=\"Impressum - SOS - Artist Agency\" \/>\n<meta property=\"og:description\" content=\"&nbsp; sos-aa.com Solution of Sounds GmbH Alte Steinhauserstrasse 21 CH-6330 Cham &nbsp; Vertretungsberechtigte Personen Erhan Y\u00fccesan, Gesellschafter und Vorsitzender der Gesch\u00e4ftsf\u00fchrung Ron Levis B\u00f6sch, Gesch\u00e4ftsf\u00fchrer &nbsp; Handelsregistereintrag &nbsp; Eingetragener Firmenname: Solution of Sounds GmbH Nummer: CHE-491.865.740 Handelsregisteramt: Gesellschaft mit beschr\u00e4nkter Haftung &nbsp; Haftungsausschluss &nbsp; Der Autor \u00fcbernimmt keinerlei Gew\u00e4hr hinsichtlich der inhaltlichen Richtigkeit, Genauigkeit, Aktualit\u00e4t, [&hellip;]\" \/>\n<meta property=\"og:url\" content=\"https:\/\/www.sos-aa.com\/index.php\/impressum\/\" \/>\n<meta property=\"og:site_name\" content=\"SOS - Artist Agency\" \/>\n<meta name=\"twitter:card\" content=\"summary_large_image\" \/>\n<meta name=\"twitter:label1\" content=\"Gesch\u00e4tzte Lesezeit\" \/>\n\t<meta name=\"twitter:data1\" content=\"2\u00a0Minuten\" \/>\n<script type=\"application\/ld+json\" class=\"yoast-schema-graph\">{\"@context\":\"https:\\\/\\\/schema.org\",\"@graph\":[{\"@type\":\"WebPage\",\"@id\":\"https:\\\/\\\/www.sos-aa.com\\\/index.php\\\/impressum\\\/\",\"url\":\"https:\\\/\\\/www.sos-aa.com\\\/index.php\\\/impressum\\\/\",\"name\":\"Impressum - SOS - Artist Agency\",\"isPartOf\":{\"@id\":\"https:\\\/\\\/www.sos-aa.com\\\/#website\"},\"datePublished\":\"2023-11-01T12:29:25+00:00\",\"breadcrumb\":{\"@id\":\"https:\\\/\\\/www.sos-aa.com\\\/index.php\\\/impressum\\\/#breadcrumb\"},\"inLanguage\":\"de-CH\",\"potentialAction\":[{\"@type\":\"ReadAction\",\"target\":[\"https:\\\/\\\/www.sos-aa.com\\\/index.php\\\/impressum\\\/\"]}]},{\"@type\":\"BreadcrumbList\",\"@id\":\"https:\\\/\\\/www.sos-aa.com\\\/index.php\\\/impressum\\\/#breadcrumb\",\"itemListElement\":[{\"@type\":\"ListItem\",\"position\":1,\"name\":\"Home\",\"item\":\"https:\\\/\\\/www.sos-aa.com\\\/\"},{\"@type\":\"ListItem\",\"position\":2,\"name\":\"Impressum\"}]},{\"@type\":\"WebSite\",\"@id\":\"https:\\\/\\\/www.sos-aa.com\\\/#website\",\"url\":\"https:\\\/\\\/www.sos-aa.com\\\/\",\"name\":\"SOS - Artist Agency\",\"description\":\"Artist Agency\",\"publisher\":{\"@id\":\"https:\\\/\\\/www.sos-aa.com\\\/#organization\"},\"potentialAction\":[{\"@type\":\"SearchAction\",\"target\":{\"@type\":\"EntryPoint\",\"urlTemplate\":\"https:\\\/\\\/www.sos-aa.com\\\/?s={search_term_string}\"},\"query-input\":{\"@type\":\"PropertyValueSpecification\",\"valueRequired\":true,\"valueName\":\"search_term_string\"}}],\"inLanguage\":\"de-CH\"},{\"@type\":\"Organization\",\"@id\":\"https:\\\/\\\/www.sos-aa.com\\\/#organization\",\"name\":\"SOS - Artist Agency\",\"url\":\"https:\\\/\\\/www.sos-aa.com\\\/\",\"logo\":{\"@type\":\"ImageObject\",\"inLanguage\":\"de-CH\",\"@id\":\"https:\\\/\\\/www.sos-aa.com\\\/#\\\/schema\\\/logo\\\/image\\\/\",\"url\":\"https:\\\/\\\/www.sos-aa.com\\\/wp-content\\\/uploads\\\/2023\\\/10\\\/image-1-e1698154717863.png\",\"contentUrl\":\"https:\\\/\\\/www.sos-aa.com\\\/wp-content\\\/uploads\\\/2023\\\/10\\\/image-1-e1698154717863.png\",\"width\":500,\"height\":282,\"caption\":\"SOS - Artist Agency\"},\"image\":{\"@id\":\"https:\\\/\\\/www.sos-aa.com\\\/#\\\/schema\\\/logo\\\/image\\\/\"}}]}<\/script>\n<!-- \/ Yoast SEO plugin. -->","yoast_head_json":{"title":"Impressum - SOS - Artist Agency","robots":{"index":"index","follow":"follow","max-snippet":"max-snippet:-1","max-image-preview":"max-image-preview:large","max-video-preview":"max-video-preview:-1"},"canonical":"https:\/\/www.sos-aa.com\/index.php\/impressum\/","og_locale":"de_DE","og_type":"article","og_title":"Impressum - SOS - Artist Agency","og_description":"&nbsp; sos-aa.com Solution of Sounds GmbH Alte Steinhauserstrasse 21 CH-6330 Cham &nbsp; Vertretungsberechtigte Personen Erhan Y\u00fccesan, Gesellschafter und Vorsitzender der Gesch\u00e4ftsf\u00fchrung Ron Levis B\u00f6sch, Gesch\u00e4ftsf\u00fchrer &nbsp; Handelsregistereintrag &nbsp; Eingetragener Firmenname: Solution of Sounds GmbH Nummer: CHE-491.865.740 Handelsregisteramt: Gesellschaft mit beschr\u00e4nkter Haftung &nbsp; Haftungsausschluss &nbsp; Der Autor \u00fcbernimmt keinerlei Gew\u00e4hr hinsichtlich der inhaltlichen Richtigkeit, Genauigkeit, Aktualit\u00e4t, [&hellip;]","og_url":"https:\/\/www.sos-aa.com\/index.php\/impressum\/","og_site_name":"SOS - Artist Agency","twitter_card":"summary_large_image","twitter_misc":{"Gesch\u00e4tzte Lesezeit":"2\u00a0Minuten"},"schema":{"@context":"https:\/\/schema.org","@graph":[{"@type":"WebPage","@id":"https:\/\/www.sos-aa.com\/index.php\/impressum\/","url":"https:\/\/www.sos-aa.com\/index.php\/impressum\/","name":"Impressum - SOS - Artist Agency","isPartOf":{"@id":"https:\/\/www.sos-aa.com\/#website"},"datePublished":"2023-11-01T12:29:25+00:00","breadcrumb":{"@id":"https:\/\/www.sos-aa.com\/index.php\/impressum\/#breadcrumb"},"inLanguage":"de-CH","potentialAction":[{"@type":"ReadAction","target":["https:\/\/www.sos-aa.com\/index.php\/impressum\/"]}]},{"@type":"BreadcrumbList","@id":"https:\/\/www.sos-aa.com\/index.php\/impressum\/#breadcrumb","itemListElement":[{"@type":"ListItem","position":1,"name":"Home","item":"https:\/\/www.sos-aa.com\/"},{"@type":"ListItem","position":2,"name":"Impressum"}]},{"@type":"WebSite","@id":"https:\/\/www.sos-aa.com\/#website","url":"https:\/\/www.sos-aa.com\/","name":"SOS - Artist Agency","description":"Artist Agency","publisher":{"@id":"https:\/\/www.sos-aa.com\/#organization"},"potentialAction":[{"@type":"SearchAction","target":{"@type":"EntryPoint","urlTemplate":"https:\/\/www.sos-aa.com\/?s={search_term_string}"},"query-input":{"@type":"PropertyValueSpecification","valueRequired":true,"valueName":"search_term_string"}}],"inLanguage":"de-CH"},{"@type":"Organization","@id":"https:\/\/www.sos-aa.com\/#organization","name":"SOS - Artist Agency","url":"https:\/\/www.sos-aa.com\/","logo":{"@type":"ImageObject","inLanguage":"de-CH","@id":"https:\/\/www.sos-aa.com\/#\/schema\/logo\/image\/","url":"https:\/\/www.sos-aa.com\/wp-content\/uploads\/2023\/10\/image-1-e1698154717863.png","contentUrl":"https:\/\/www.sos-aa.com\/wp-content\/uploads\/2023\/10\/image-1-e1698154717863.png","width":500,"height":282,"caption":"SOS - Artist Agency"},"image":{"@id":"https:\/\/www.sos-aa.com\/#\/schema\/logo\/image\/"}}]}},"_links":{"self":[{"href":"https:\/\/www.sos-aa.com\/index.php\/wp-json\/wp\/v2\/pages\/259","targetHints":{"allow":["GET"]}}],"collection":[{"href":"https:\/\/www.sos-aa.com\/index.php\/wp-json\/wp\/v2\/pages"}],"about":[{"href":"https:\/\/www.sos-aa.com\/index.php\/wp-json\/wp\/v2\/types\/page"}],"author":[{"embeddable":true,"href":"https:\/\/www.sos-aa.com\/index.php\/wp-json\/wp\/v2\/users\/1"}],"replies":[{"embeddable":true,"href":"https:\/\/www.sos-aa.com\/index.php\/wp-json\/wp\/v2\/comments?post=259"}],"version-history":[{"count":2,"href":"https:\/\/www.sos-aa.com\/index.php\/wp-json\/wp\/v2\/pages\/259\/revisions"}],"predecessor-version":[{"id":261,"href":"https:\/\/www.sos-aa.com\/index.php\/wp-json\/wp\/v2\/pages\/259\/revisions\/261"}],"wp:attachment":[{"href":"https:\/\/www.sos-aa.com\/index.php\/wp-json\/wp\/v2\/media?parent=259"}],"curies":[{"name":"wp","href":"https:\/\/api.w.org\/{rel}","templated":true}]}}